{"id":2239,"date":"2023-02-09T14:37:39","date_gmt":"2023-02-09T13:37:39","guid":{"rendered":"https:\/\/innargi.com\/projekte\/"},"modified":"2025-09-05T11:28:08","modified_gmt":"2025-09-05T10:28:08","slug":"projekte","status":"publish","type":"page","link":"https:\/\/innargi.com\/de\/projekte\/","title":{"rendered":"Projekte"},"content":{"rendered":"","protected":false},"excerpt":{"rendered":"","protected":false},"author":29,"featured_media":0,"parent":0,"menu_order":0,"comment_status":"closed","ping_status":"closed","template":"","meta":{"_acf_changed":false,"footnotes":""},"class_list":["post-2239","page","type-page","status-publish","hentry"],"acf":[],"yoast_head":"<!-- This site is optimized with the Yoast SEO plugin v27.4 - https:\/\/yoast.com\/product\/yoast-seo-wordpress\/ -->\n<title>Projekte - Innargi<\/title>\n<meta name=\"description\" content=\"Innargi verf\u00fcgt \u00fcber die Kompetenz und F\u00e4higkeit, komplexe Geothermie Projekte zum Leben zu erwecken. Erfahren Sie hier mehr \u00fcber unsere Projekte.\" \/>\n<meta name=\"robots\" content=\"index, follow, max-snippet:-1, max-image-preview:large, max-video-preview:-1\" \/>\n<link rel=\"canonical\" href=\"https:\/\/innargi.com\/de\/projekte\/\" \/>\n<meta property=\"og:locale\" content=\"de_DE\" \/>\n<meta property=\"og:type\" content=\"article\" \/>\n<meta property=\"og:title\" content=\"Projekte - Innargi\" \/>\n<meta property=\"og:description\" content=\"Innargi verf\u00fcgt \u00fcber die Kompetenz und F\u00e4higkeit, komplexe Geothermie Projekte zum Leben zu erwecken. Erfahren Sie hier mehr \u00fcber unsere Projekte.\" \/>\n<meta property=\"og:url\" content=\"https:\/\/innargi.com\/de\/projekte\/\" \/>\n<meta property=\"og:site_name\" content=\"Innargi\" \/>\n<meta property=\"article:modified_time\" content=\"2025-09-05T10:28:08+00:00\" \/>\n<meta name=\"twitter:card\" content=\"summary_large_image\" \/>\n<script type=\"application\/ld+json\" class=\"yoast-schema-graph\">{\"@context\":\"https:\\\/\\\/schema.org\",\"@graph\":[{\"@type\":\"WebPage\",\"@id\":\"https:\\\/\\\/innargi.com\\\/de\\\/projekte\\\/\",\"url\":\"https:\\\/\\\/innargi.com\\\/de\\\/projekte\\\/\",\"name\":\"Projekte - Innargi\",\"isPartOf\":{\"@id\":\"https:\\\/\\\/innargi.com\\\/de\\\/#website\"},\"datePublished\":\"2023-02-09T13:37:39+00:00\",\"dateModified\":\"2025-09-05T10:28:08+00:00\",\"description\":\"Innargi verf\u00fcgt \u00fcber die Kompetenz und F\u00e4higkeit, komplexe Geothermie Projekte zum Leben zu erwecken. Erfahren Sie hier mehr \u00fcber unsere Projekte.\",\"inLanguage\":\"de\",\"potentialAction\":[{\"@type\":\"ReadAction\",\"target\":[\"https:\\\/\\\/innargi.com\\\/de\\\/projekte\\\/\"]}]},{\"@type\":\"WebSite\",\"@id\":\"https:\\\/\\\/innargi.com\\\/de\\\/#website\",\"url\":\"https:\\\/\\\/innargi.com\\\/de\\\/\",\"name\":\"Innargi\",\"description\":\"\",\"publisher\":{\"@id\":\"https:\\\/\\\/innargi.com\\\/de\\\/#organization\"},\"potentialAction\":[{\"@type\":\"SearchAction\",\"target\":{\"@type\":\"EntryPoint\",\"urlTemplate\":\"https:\\\/\\\/innargi.com\\\/de\\\/?s={search_term_string}\"},\"query-input\":{\"@type\":\"PropertyValueSpecification\",\"valueRequired\":true,\"valueName\":\"search_term_string\"}}],\"inLanguage\":\"de\"},{\"@type\":\"Organization\",\"@id\":\"https:\\\/\\\/innargi.com\\\/de\\\/#organization\",\"name\":\"Innargi\",\"url\":\"https:\\\/\\\/innargi.com\\\/de\\\/\",\"logo\":{\"@type\":\"ImageObject\",\"inLanguage\":\"de\",\"@id\":\"https:\\\/\\\/innargi.com\\\/de\\\/#\\\/schema\\\/logo\\\/image\\\/\",\"url\":\"https:\\\/\\\/innargi.com\\\/wp-content\\\/uploads\\\/2023\\\/06\\\/Innargi_Logo.png\",\"contentUrl\":\"https:\\\/\\\/innargi.com\\\/wp-content\\\/uploads\\\/2023\\\/06\\\/Innargi_Logo.png\",\"width\":1440,\"height\":810,\"caption\":\"Innargi\"},\"image\":{\"@id\":\"https:\\\/\\\/innargi.com\\\/de\\\/#\\\/schema\\\/logo\\\/image\\\/\"}}]}<\/script>\n<!-- \/ Yoast SEO plugin. -->","yoast_head_json":{"title":"Projekte - Innargi","description":"Innargi verf\u00fcgt \u00fcber die Kompetenz und F\u00e4higkeit, komplexe Geothermie Projekte zum Leben zu erwecken. Erfahren Sie hier mehr \u00fcber unsere Projekte.","robots":{"index":"index","follow":"follow","max-snippet":"max-snippet:-1","max-image-preview":"max-image-preview:large","max-video-preview":"max-video-preview:-1"},"canonical":"https:\/\/innargi.com\/de\/projekte\/","og_locale":"de_DE","og_type":"article","og_title":"Projekte - Innargi","og_description":"Innargi verf\u00fcgt \u00fcber die Kompetenz und F\u00e4higkeit, komplexe Geothermie Projekte zum Leben zu erwecken. Erfahren Sie hier mehr \u00fcber unsere Projekte.","og_url":"https:\/\/innargi.com\/de\/projekte\/","og_site_name":"Innargi","article_modified_time":"2025-09-05T10:28:08+00:00","twitter_card":"summary_large_image","schema":{"@context":"https:\/\/schema.org","@graph":[{"@type":"WebPage","@id":"https:\/\/innargi.com\/de\/projekte\/","url":"https:\/\/innargi.com\/de\/projekte\/","name":"Projekte - Innargi","isPartOf":{"@id":"https:\/\/innargi.com\/de\/#website"},"datePublished":"2023-02-09T13:37:39+00:00","dateModified":"2025-09-05T10:28:08+00:00","description":"Innargi verf\u00fcgt \u00fcber die Kompetenz und F\u00e4higkeit, komplexe Geothermie Projekte zum Leben zu erwecken. Erfahren Sie hier mehr \u00fcber unsere Projekte.","inLanguage":"de","potentialAction":[{"@type":"ReadAction","target":["https:\/\/innargi.com\/de\/projekte\/"]}]},{"@type":"WebSite","@id":"https:\/\/innargi.com\/de\/#website","url":"https:\/\/innargi.com\/de\/","name":"Innargi","description":"","publisher":{"@id":"https:\/\/innargi.com\/de\/#organization"},"potentialAction":[{"@type":"SearchAction","target":{"@type":"EntryPoint","urlTemplate":"https:\/\/innargi.com\/de\/?s={search_term_string}"},"query-input":{"@type":"PropertyValueSpecification","valueRequired":true,"valueName":"search_term_string"}}],"inLanguage":"de"},{"@type":"Organization","@id":"https:\/\/innargi.com\/de\/#organization","name":"Innargi","url":"https:\/\/innargi.com\/de\/","logo":{"@type":"ImageObject","inLanguage":"de","@id":"https:\/\/innargi.com\/de\/#\/schema\/logo\/image\/","url":"https:\/\/innargi.com\/wp-content\/uploads\/2023\/06\/Innargi_Logo.png","contentUrl":"https:\/\/innargi.com\/wp-content\/uploads\/2023\/06\/Innargi_Logo.png","width":1440,"height":810,"caption":"Innargi"},"image":{"@id":"https:\/\/innargi.com\/de\/#\/schema\/logo\/image\/"}}]}},"_links":{"self":[{"href":"https:\/\/innargi.com\/de\/wp-json\/wp\/v2\/pages\/2239","targetHints":{"allow":["GET"]}}],"collection":[{"href":"https:\/\/innargi.com\/de\/wp-json\/wp\/v2\/pages"}],"about":[{"href":"https:\/\/innargi.com\/de\/wp-json\/wp\/v2\/types\/page"}],"author":[{"embeddable":true,"href":"https:\/\/innargi.com\/de\/wp-json\/wp\/v2\/users\/29"}],"replies":[{"embeddable":true,"href":"https:\/\/innargi.com\/de\/wp-json\/wp\/v2\/comments?post=2239"}],"version-history":[{"count":6,"href":"https:\/\/innargi.com\/de\/wp-json\/wp\/v2\/pages\/2239\/revisions"}],"predecessor-version":[{"id":7670,"href":"https:\/\/innargi.com\/de\/wp-json\/wp\/v2\/pages\/2239\/revisions\/7670"}],"wp:attachment":[{"href":"https:\/\/innargi.com\/de\/wp-json\/wp\/v2\/media?parent=2239"}],"curies":[{"name":"wp","href":"https:\/\/api.w.org\/{rel}","templated":true}]}}